{"id":21095,"date":"2019-11-27T21:53:30","date_gmt":"2019-11-27T21:53:30","guid":{"rendered":"http:\/\/dev.manychildrenone.world\/privacy"},"modified":"2020-02-03T20:48:25","modified_gmt":"2020-02-03T20:48:25","slug":"datenschutz","status":"publish","type":"page","link":"https:\/\/manychildrenone.world\/de\/datenschutz","title":{"rendered":"Datenschutz"},"content":{"rendered":"<div class=\"wpb-content-wrapper\"><p>[vc_row][vc_column][vc_column_text]<\/p>\n<section id=\"datenschhutz\">Die folgenden Hinweise geben einen einfachen \u00dcberblick dar\u00fcber, was mit Ihren personenbezogenen Daten passiert, wenn Sie unsere Website besuchen oder Sie uns auf anderem Wege direkt oder indirekt personenbezogene Daten zukommen lassen (z.B. andere Internet-Dienste, wie. Soziale Medien, Chats oder E-Mail usw.).Personenbezogene Daten sind alle Daten, mit denen Sie pers\u00f6nlich identifiziert werden k\u00f6nnen. Ausf\u00fchrliche Informationen zum Thema Datenschutz entnehmen Sie unserer unter diesem Text aufgef\u00fchrten Datenschutzerkl\u00e4rung.Der Begriff \u201cpersonenbezogene Daten\u201d meint alle Daten, die auf Sie pers\u00f6nlich beziehbar sind. Darunter fallen beispielsweise Name, Adresse, E-Mailadressen, Nutzerverhalten. Hinsichtlich der \u00fcbrigen Begrifflichkeiten, insbesondere der Begriffe \u201cVerarbeitung\u201d und \u201cEinwilligung\u201d verweisen wir auf die gesetzlichen datenschutzrechtlichen Definitionen.Wir verarbeiten personenbezogene Daten grunds\u00e4tzlich nur, soweit dies zur Bereitstellung einer funktionsf\u00e4higen Webseite sowie der von uns angebotenen Inhalte und Leistungen erforderlich ist. Die Verarbeitung personenbezogener Daten erfolgt regelm\u00e4\u00dfig nur dann, wenn Sie uns eine Einwilligung erteilt haben oder die Verarbeitung durch gesetzliche Vorschriften gestattet ist.Ihre personenbezogenen Daten werden gel\u00f6scht oder gesperrt, sobald der Zweck der Speicherung entf\u00e4llt. Eine Speicherung kann dar\u00fcber hinaus dann erfolgen, wenn dies durch nationale oder europ\u00e4ische Vorschriften, denen wir unterliegen, vorgesehen wurde. Eine Sperrung oder L\u00f6schung der Daten erfolgt in diesem Fall dann, wenn die in den jeweiligen Vorschriften vorgeschriebene Speicherfrist abgelaufen ist. Letzteres gilt dann nicht, wenn eine weitere Speicherung der Daten f\u00fcr einen Vertragsabschluss oder eine Vertragserf\u00fcllung erforderlich ist.Soweit wir f\u00fcr einzelne Funktionen unserer Webseite auf beauftragte Dienstleister zur\u00fcckgreifen oder Ihre Daten f\u00fcr werbliche Zwecke nutzen m\u00f6chten, werden wir Sie untenstehend im Detail \u00fcber die jeweiligen Vorg\u00e4nge informieren.<\/p>\n<h2>Datenschutz auf einen Blick<\/h2>\n<h5>Wer ist verantwortlich f\u00fcr die Datenerfassung auf dieser Website?<\/h5>\n<p>Die Datenverarbeitung auf dieser Website erfolgt durch den Websitebetreiber. Dessen Kontaktdaten k\u00f6nnen Sie dem Impressum dieser Website entnehmen.<\/p>\n<h5>Wie erfassen wir Ihre Daten?<\/h5>\n<p>Ihre Daten werden zum einen dadurch erhoben, dass Sie uns diese mitteilen. Hierbei kann es sich z.B. um Daten handeln, die Sie in ein Kontaktformular eingeben.<\/p>\n<p>Andere Daten werden automatisch beim Besuch der Website durch unsere IT-Systeme erfasst. Das sind vor allem technische Daten (z.B. Internetbrowser, Betriebssystem oder Uhrzeit des Seitenaufrufs). Die Erfassung dieser Daten erfolgt automatisch, sobald Sie unsere Website betreten.<\/p>\n<p>Nur in besonderen Ausnahmen erfolgt eine Weitergabe Ihrer Daten an Dritte, z.B. zur strafrechtlichen Verfolgung bei Missbrauch oder Angriff auf unsere IT-Systeme.<\/p>\n<h5>Wof\u00fcr nutzen wir Ihre Daten?<\/h5>\n<p>Ein Teil der Daten wird erhoben, um eine fehlerfreie Bereitstellung der Website zu gew\u00e4hrleisten. Andere Daten k\u00f6nnen zur Analyse Ihres Nutzerverhaltens verwendet werden. Daten die Sie uns \u00fcber Formulare \u00fcbermittelt, werden genutzt um den entsprechenden Zweck zu erf\u00fcllen, z.B. die Beantwortung einer Anfrage (Kontaktformular).<\/p>\n<h5>Welche Rechte haben Sie bez\u00fcglich Ihrer Daten?<\/h5>\n<p>Sie haben jederzeit das Recht unentgeltlich Auskunft \u00fcber Herkunft, Empf\u00e4nger und Zweck Ihrer gespeicherten personenbezogenen Daten zu erhalten. Sie haben au\u00dferdem ein Recht, die Berichtigung, Sperrung oder L\u00f6schung dieser Daten zu verlangen. Hierzu sowie zu weiteren Fragen zum Thema Datenschutz k\u00f6nnen Sie sich jederzeit unter der im Impressum angegebenen Adresse an uns wenden. Des Weiteren steht Ihnen ein Beschwerderecht bei der zust\u00e4ndigen Aufsichtsbeh\u00f6rde zu.<\/p>\n<h5>Analyse-Tools und Tools von Drittanbietern<\/h5>\n<p>Beim Besuch unserer Website kann Ihr Surf-Verhalten statistisch ausgewertet werden. Die Analyse Ihres Surf-Verhaltens erfolgt in der Regel anonym; das Surf-Verhalten kann nicht zu Ihnen zur\u00fcckverfolgt werden. Sie k\u00f6nnen dieser Analyse widersprechen oder sie durch die Nichtbenutzung bestimmter Tools verhindern. Detaillierte Informationen dazu finden Sie in der folgenden Datenschutzerkl\u00e4rung.<\/p>\n<h2>Datenschutzerkl\u00e4rung<\/h2>\n<p>Die Betreiber dieser Seiten nehmen den Schutz Ihrer pers\u00f6nlichen Daten sehr ernst. Wir behandeln Ihre personenbezogenen Daten vertraulich und entsprechend der gesetzlichen Datenschutzvorschriften sowie dieser Datenschutzerkl\u00e4rung.<\/p>\n<p>Wenn Sie diese Website benutzen, werden verschiedene personenbezogene Daten erhoben. Personenbezogene Daten sind Daten, mit denen Sie pers\u00f6nlich identifiziert werden k\u00f6nnen und die die auf Sie pers\u00f6nlich beziehbar sind. Die vorliegende Datenschutzerkl\u00e4rung erl\u00e4utert, welche Daten wir erheben und wof\u00fcr wir sie nutzen. Sie erl\u00e4utert auch, wie und zu welchem Zweck das geschieht.<\/p>\n<p>Wir weisen darauf hin, dass die Daten\u00fcbertragung im Internet (z.B. bei der Kommunikation per E-Mail) Sicherheitsl\u00fccken aufweisen kann. Ein l\u00fcckenloser Schutz der Daten vor dem Zugriff durch Dritte ist nicht m\u00f6glich.<\/p>\n<h3>Verantwortliche Stelle<\/h3>\n<p>Die verantwortliche Stelle f\u00fcr die Datenverarbeitung auf dieser Website ist:<\/p>\n<p>Many Children One World Foundation<br \/>\nArdestorfer Weg 1<br \/>\n21614 Buxtehude<br \/>\nDeutschland<\/p>\n<p>Telefon: +49 4161 85628<br \/>\nE-Mail: post@manychildrenone.world<\/p>\n<h3>Ihre Rechte<\/h3>\n<h4>Widerruf Ihrer Einwilligung zur Datenverarbeitung<\/h4>\n<p>Viele Datenverarbeitungsvorg\u00e4nge sind nur mit Ihrer ausdr\u00fccklichen Einwilligung m\u00f6glich. Sie k\u00f6nnen eine bereits erteilte Einwilligung jederzeit widerrufen. Dazu reicht eine formlose Mitteilung per E-Mail an uns. Die Rechtm\u00e4\u00dfigkeit der bis zum Widerruf erfolgten Datenverarbeitung bleibt vom Widerruf unber\u00fchrt.<\/p>\n<h4>Beschwerderecht bei der zust\u00e4ndigen Aufsichtsbeh\u00f6rde<\/h4>\n<p>Im Falle datenschutzrechtlicher Verst\u00f6\u00dfe steht dem Betroffenen ein Beschwerderecht bei der zust\u00e4ndigen Aufsichtsbeh\u00f6rde zu. Zust\u00e4ndige Aufsichtsbeh\u00f6rde in datenschutzrechtlichen Fragen ist der Landesdatenschutzbeauftragte des Bundeslandes, in dem unser Unternehmen seinen Sitz hat. Eine Liste der Datenschutzbeauftragten sowie deren Kontaktdaten k\u00f6nnen folgendem Link entnommen werden: <a href=\"https:\/\/www.bfdi.bund.de\/DE\/Infothek\/Anschriften_Links\/anschriften_links-node.html\"> https:\/\/www.bfdi.bund.de\/DE\/Infothek\/Anschriften_Links\/anschriften_links-node.html <\/a> .<\/p>\n<h4>Recht auf Daten\u00fcbertragbarkeit<\/h4>\n<p>Sie haben das Recht, Daten, die wir auf Grundlage Ihrer Einwilligung oder in Erf\u00fcllung eines Vertrags automatisiert verarbeiten, an sich oder an einen Dritten in einem g\u00e4ngigen, maschinenlesbaren Format aush\u00e4ndigen zu lassen. Sofern Sie die direkte \u00dcbertragung der Daten an einen anderen Verantwortlichen verlangen, erfolgt dies nur, soweit es technisch machbar ist.<\/p>\n<h4>Auskunft, Sperrung, L\u00f6schung<\/h4>\n<p>Sie haben im Rahmen der geltenden gesetzlichen Bestimmungen jederzeit das Recht auf unentgeltliche Auskunft \u00fcber Ihre gespeicherten personenbezogenen Daten, deren Herkunft und Empf\u00e4nger und den Zweck der Datenverarbeitung und ggf. ein Recht auf Berichtigung, Sperrung oder L\u00f6schung dieser Daten. Hierzu sowie zu weiteren Fragen zum Thema personenbezogene Daten k\u00f6nnen Sie sich jederzeit unter der im Impressum angegebenen Adresse an uns wenden.<\/p>\n<h3>Sicherheit<\/h3>\n<p>Zum Schutz Ihrer bei uns vorgehaltenen personenbezogenen Daten vor unberechtigtem Zugriff und Missbrauch haben wir umfangreiche technische und betriebliche Vorkehrungen getroffen. Unsere Sicherheitsverfahren werden regelm\u00e4\u00dfig \u00fcberpr\u00fcft und dem technologischen Fortschritt angepasst. Unsere Mitarbeiter sind zur Wahrung der Vertraulichkeit verpflichtet.<\/p>\n<h3>Kontaktaufnahme<\/h3>\n<p>Wenn Sie mit uns Kontakt aufnehmen (z.B. per Post oder gedruckten Medien, E-Mail, elektronischen Textnachrichten, Chat, Telefon, pers\u00f6nlicher Kontakt usw.) werden die von Ihnen \u00fcbermittelten personenbezogenen Daten bei uns gespeichert. Wir speichern diese Daten zum Zweck der Bearbeitung und ggf. Beantwortung Ihres Anliegens.<\/p>\n<p>Diese Daten geben wir nicht ohne Ihre Einwilligung weiter.<\/p>\n<p>Die Verarbeitung der vorstehenden personenbezogenen Daten erfolgt somit ausschlie\u00dflich auf Grundlage Ihrer Einwilligung (Art. 6 Abs. 1 lit. a DSGVO). Sie k\u00f6nnen diese Einwilligung jederzeit widerrufen. Dazu reicht eine formlose Mitteilung per E-Mail an uns. Die Rechtm\u00e4\u00dfigkeit der bis zum Widerruf erfolgten Datenverarbeitungsvorg\u00e4nge bleibt vom Widerruf unber\u00fchrt.<\/p>\n<p>Die von Ihnen bei Kontaktaufnahme \u00fcbermittelten Daten verbleiben bei uns, bis Sie uns zur L\u00f6schung auffordern, Ihre Einwilligung zur Speicherung widerrufen oder der Zweck f\u00fcr die Datenspeicherung entf\u00e4llt (z.B. nach abgeschlossener Bearbeitung Ihrer Anfrage). Zwingende gesetzliche Bestimmungen \u2013 insbesondere Aufbewahrungsfristen \u2013 bleiben unber\u00fchrt.<\/p>\n<h4>E-Mail, Anfrage-\/ und Kontaktformular<\/h4>\n<p>Wenn Sie mit uns per E-Mail Kontakt aufnehmen, werden die mit Ihrer E-Mail \u00fcbermittelten personenbezogenen Daten automatisch bei uns gespeichert. Zudem halten wir auf unserer Webseite Formulare vor (z.B. Anfrage-\/ und Kontaktformular, Bewerbung, Empfehlung), mit dem Sie Kontakt zu uns aufnehmen k\u00f6nnen. Dabei werden die von Ihnen in die Eingabemaske eingegebenen Daten an uns \u00fcbermittelt und gespeichert.<\/p>\n<h4>Peaceletter (unser Newsletter)<\/h4>\n<p translate=\"translate\">Wenn Sie den auf der Webseite angebotenen Newsletter beziehen m\u00f6chten, ben\u00f6tigen wir von Ihnen eine E-Mail-Adresse sowie Informationen, welche uns die \u00dcberpr\u00fcfung gestatten, dass Sie der Inhaber der angegebenen E-Mail-Adresse und mit dem Empfang des Newsletters einverstanden sind.<\/p>\n<p translate=\"translate\">Zur Gew\u00e4hrleistung einer einverst\u00e4ndlichen Newsletter-Versendung nutzen wir das sogenannte Double-Opt-in-Verfahren. Im Zuge dessen l\u00e4sst sich der potentielle Empf\u00e4nger in einen Verteiler aufnehmen. Anschlie\u00dfend erh\u00e4lt der Nutzer durch eine Best\u00e4tigungs-E-Mail die M\u00f6glichkeit, die Anmeldung rechtssicher zu best\u00e4tigen. Nur wenn die Best\u00e4tigung erfolgt, wird die Adresse aktiv in den Verteiler aufgenommen.<\/p>\n<p translate=\"translate\">Diese Daten verwenden wir ausschlie\u00dflich f\u00fcr den Versand der angeforderten Informationen und Angebote.<\/p>\n<p>Als Newsletter Software wird <a href=\"https:\/\/www.newsletter2go.de\" target=\"_blank\" rel=\"noopener noreferrer\">Newsletter2Go<\/a> verwendet. Ihre Daten werden dabei an die Newsletter2Go GmbH \u00fcbermittelt. Newsletter2Go ist es dabei untersagt, Ihre Daten zu verkaufen und f\u00fcr andere Zwecke, als f\u00fcr den Versand von Newslettern zu nutzen. Newsletter2Go ist ein deutscher, zertifizierter Anbieter, welcher nach den Anforderungen der Datenschutz-Grundverordnung und des Bundesdatenschutzgesetzes ausgew\u00e4hlt wurde.<\/p>\n<p>Weitere Informationen finden Sie hier: <a href=\"https:\/\/www.newsletter2go.de\/informationen-newsletter-empfaenger\/\" target=\"_blank\" rel=\"noopener noreferrer\">https:\/\/www.newsletter2go.de\/informationen-newsletter-empfaenger\/<\/a><\/p>\n<p translate=\"translate\">Die erteilte Einwilligung zur Speicherung der Daten, der E-Mail-Adresse sowie deren Nutzung zum Versand des Newsletters k\u00f6nnen Sie jederzeit widerrufen, etwa \u00fcber den &#8222;Abmelden&#8220;-Link im Newsletter.<\/p>\n<p translate=\"translate\">Die datenschutzrechtlichen Ma\u00dfnahmen unterliegen stets technischen Erneuerungen aus diesem Grund bitten wir Sie, sich \u00fcber unsere Datenschutzma\u00dfnahmen in regelm\u00e4\u00dfigen Abst\u00e4nden durch Einsichtnahme in unsere Datenschutzerkl\u00e4rung zu informieren.<\/p>\n<h4>Bewerbungen<\/h4>\n<p>Wenn Sie uns eine Bewerbung zukommen lassen, werden Ihre Angaben inklusive der von Ihnen dort angegebenen Daten zwecks Bearbeitung der Bewerbung und f\u00fcr den Fall von Anschlussfragen bei uns gespeichert.<\/p>\n<p>Die \u00fcbermittelten Daten werden sp\u00e4testens nach 6 Monaten gel\u00f6scht.<\/p>\n<h3>Dauer der Speicherung personenbezogenen Daten<\/h3>\n<p>Das Kriterium f\u00fcr die Dauer der Speicherung von personenbezogenen Daten ist die jeweilige gesetzliche Aufbewahrungsfrist. Nach Ablauf der Frist werden die entsprechenden Daten routinem\u00e4\u00dfig gel\u00f6scht, sofern sie nicht mehr zur Vertragserf\u00fcllung oder Vertragsanbahnung erforderlich sind.<\/p>\n<h3>Rechtsgrundlage der Verarbeitung<\/h3>\n<p>Art. 6 I lit. a DS-GVO dient unserem Unternehmen als Rechtsgrundlage f\u00fcr Verarbeitungsvorg\u00e4nge, bei denen wir eine Einwilligung f\u00fcr einen bestimmten Verarbeitungszweck einholen. Ist die Verarbeitung personenbezogener Daten zur Erf\u00fcllung eines Vertrags, dessen Vertragspartei die betroffene Person ist, erforderlich, wie dies beispielsweise bei Verarbeitungsvorg\u00e4ngen der Fall ist, die f\u00fcr eine Lieferung von Waren oder die Erbringung einer sonstigen Leistung oder Gegenleistung notwendig sind, so beruht die Verarbeitung auf Art. 6 I lit. b DS-GVO. Gleiches gilt f\u00fcr solche Verarbeitungsvorg\u00e4nge die zur Durchf\u00fchrung vorvertraglicher Ma\u00dfnahmen erforderlich sind, etwa in F\u00e4llen von Anfragen zur unseren Produkten oder Leistungen. Unterliegt unser Unternehmen einer rechtlichen Verpflichtung durch welche eine Verarbeitung von personenbezogenen Daten erforderlich wird, wie beispielsweise zur Erf\u00fcllung steuerlicher Pflichten, so basiert die Verarbeitung auf Art. 6 I lit. c DS-GVO. In seltenen F\u00e4llen k\u00f6nnte die Verarbeitung von personenbezogenen Daten erforderlich werden, um lebenswichtige Interessen der betroffenen Person oder einer anderen nat\u00fcrlichen Person zu sch\u00fctzen. Dies w\u00e4re beispielsweise der Fall, wenn ein Besucher in unserem Betrieb verletzt werden w\u00fcrde und daraufhin sein Name, sein Alter, seine Krankenkassendaten oder sonstige lebenswichtige Informationen an einen Arzt, ein Krankenhaus oder sonstige Dritte weitergegeben werden m\u00fcssten. Dann w\u00fcrde die Verarbeitung auf Art. 6 I lit. d DS-GVO beruhen. Letztlich k\u00f6nnten Verarbeitungsvorg\u00e4nge auf Art. 6 I lit. f DS-GVO beruhen. Auf dieser Rechtsgrundlage basieren Verarbeitungsvorg\u00e4nge, die von keiner der vorgenannten Rechtsgrundlagen erfasst werden, wenn die Verarbeitung zur Wahrung eines berechtigten Interesses unseres Unternehmens oder eines Dritten erforderlich ist, sofern die Interessen, Grundrechte und Grundfreiheiten des Betroffenen nicht \u00fcberwiegen. Solche Verarbeitungsvorg\u00e4nge sind uns insbesondere deshalb gestattet, weil sie durch den Europ\u00e4ischen Gesetzgeber besonders erw\u00e4hnt wurden. Er vertrat insoweit die Auffassung, dass ein berechtigtes Interesse anzunehmen sein k\u00f6nnte, wenn die betroffene Person ein Kunde des Verantwortlichen ist (Erw\u00e4gungsgrund 47 Satz 2 DS-GVO).<\/p>\n<h4>Berechtigte Interessen an der Verarbeitung, die von dem Verantwortlichen oder einem Dritten verfolgt werden<\/h4>\n<p>Basiert die Verarbeitung personenbezogener Daten auf Artikel 6 I lit. f DS-GVO ist unser berechtigtes Interesse die Durchf\u00fchrung unserer Gesch\u00e4ftst\u00e4tigkeit zugunsten des Wohlergehens all unserer Mitarbeiter und unserer Anteilseigner<\/p>\n<h3>Verarbeitung personenbezogener Daten bei informatorischer Nutzung unserer Webseite<\/h3>\n<p>Wenn Sie unsere Webseite aufrufen, ohne sich dabei zu registrieren oder uns auf andere Weise Informationen zukommen zu lassen (\u201cInformatorische Nutzung\u201d) erheben wir nur diejenigen personenbezogenen Daten, die Ihr Webbrowser an unseren Server \u00fcbermittelt. Wenn Sie unsere Webseite betrachten m\u00f6chten, erheben wir die folgenden Daten, die f\u00fcr uns technisch erforderlich sind, um Ihnen die Anzeige unserer Webseite zu erm\u00f6glichen und die Stabilit\u00e4t und Sicherheit zu gew\u00e4hrleisten:<\/p>\n<ul>\n<li>IP-Adresse (tempor\u00e4r, dann anonymisiert)<\/li>\n<li>Datum und Uhrzeit der Anfrage<\/li>\n<li>Zeitzonendifferenz zu GMT<\/li>\n<li>Inhalt der Webseite<\/li>\n<li>Zugriffsstatus (HTTP-Status)<\/li>\n<li>\u00fcbertragene Datenmenge<\/li>\n<li>Website, von der Sie auf unsere Website gelangt sind<\/li>\n<li>Webbrowser<\/li>\n<li>Betriebssystem<\/li>\n<li>Sprache und Version des Browsers<\/li>\n<\/ul>\n<p>Die vorgenannten Daten werden ebenfalls in sog. Logfiles auf unseren Servern gespeichert. Eine Speicherung dieser Daten zusammen mit anderen personenbezogenen Daten von Ihnen findet nicht statt. Die Erhebung und vor\u00fcbergehende Speicherung der IP-Adresse ist notwendig, um die Darstellung unserer Webseite auf Ihrem Endger\u00e4t zu erm\u00f6glichen. Hierf\u00fcr muss Ihre IP-Adresse f\u00fcr die Dauer des Besuchs unserer Webseite gespeichert werden. Die Speicherung in Logfiles erfolgt in anonymisierter Form, sodass keine R\u00fcckschl\u00fcsse auf einzelne Personen m\u00f6glich sind und dient der Sicherstellung der Funktionsf\u00e4higkeit und Optimierung unserer Webseite sowie zur Sicherstellung der Sicherheit unserer informationstechnischen Systeme. Eine Auswertung dieser Daten zu Marketingzwecken findet nicht statt.<\/p>\n<p>In den vorstehenden Zwecken liegt unser berechtigtes Interesse an der Datenverarbeitung.<br \/>\nDie vorstehenden Daten zur Bereitstellung unserer Website werden gel\u00f6scht, wenn die jeweilige Sitzung beendet ist. Die Erhebung der vorstehenden Daten zur Bereitstellung unserer Webseite und ist f\u00fcr den Betrieb unserer Website zwingend erforderlich. Es besteht keine Widerspruchsm\u00f6glichkeit.<\/p>\n<h4>Cookies auf unserer Website<\/h4>\n<p>Unsere Internetseiten verwenden keine Cookies.<\/p>\n<h3>Verarbeitung personenbezogener Daten im Zusammenhang mit weiteren Funktionen und Angeboten unserer Webseite<\/h3>\n<p>Neben der vorbeschriebenen informatorischen Nutzung unserer Webseite bieten wir verschiedene Leistungen an, die Sie bei Interesse nutzen k\u00f6nnen. Hierf\u00fcr ist in der Regel die Angabe weiterer personenbezogener Daten notwendig. Diese Daten ben\u00f6tigen wir zur Erbringung der jeweiligen Leistung. Es gelten hierf\u00fcr die vorstehenden Grunds\u00e4tze zur Datenverarbeitung.<\/p>\n<p>Zum Teil greifen wir zur Verarbeitung dieser Daten auf externe Dienstleister zur\u00fcck, die von uns sorgf\u00e4ltig ausgew\u00e4hlt und beauftragt worden sind. Diese Dienstleister sind an unsere Weisungen gebunden und werden regelm\u00e4\u00dfig von uns kontrolliert. Soweit personenbezogene Daten im Zuge von Leistungen, die wir gemeinsam mit Partnern anbieten, an Dritte weitergegeben werden, k\u00f6nnen Sie n\u00e4here Informationen den nachfolgenden Beschreibungen der einzelnen Leistungen entnehmen. Soweit diese Dritten ihren Sitz in einem Staat au\u00dferhalb des Europ\u00e4ischen Wirtschaftsraumes haben, k\u00f6nnen Sie n\u00e4here Informationen \u00fcber die Folgen dieses Umstands in den nachfolgenden Beschreibungen der einzelnen Leistungen entnehmen.<\/p>\n<\/section>\n<p>[\/vc_column_text][\/vc_column][\/vc_row]<\/p>\n<\/div>","protected":false},"excerpt":{"rendered":"<p>[vc_row][vc_column][vc_column_text] Die folgenden Hinweise geben einen einfachen \u00dcberblick dar\u00fcber, was mit Ihren personenbezogenen Daten passiert, wenn Sie unsere Website besuchen [&hellip;]<\/p>\n","protected":false},"author":2,"featured_media":0,"parent":0,"menu_order":0,"comment_status":"closed","ping_status":"closed","template":"","meta":{"footnotes":""},"_links":{"self":[{"href":"https:\/\/manychildrenone.world\/de\/wp-json\/wp\/v2\/pages\/21095"}],"collection":[{"href":"https:\/\/manychildrenone.world\/de\/wp-json\/wp\/v2\/pages"}],"about":[{"href":"https:\/\/manychildrenone.world\/de\/wp-json\/wp\/v2\/types\/page"}],"author":[{"embeddable":true,"href":"https:\/\/manychildrenone.world\/de\/wp-json\/wp\/v2\/users\/2"}],"replies":[{"embeddable":true,"href":"https:\/\/manychildrenone.world\/de\/wp-json\/wp\/v2\/comments?post=21095"}],"version-history":[{"count":7,"href":"https:\/\/manychildrenone.world\/de\/wp-json\/wp\/v2\/pages\/21095\/revisions"}],"predecessor-version":[{"id":21337,"href":"https:\/\/manychildrenone.world\/de\/wp-json\/wp\/v2\/pages\/21095\/revisions\/21337"}],"wp:attachment":[{"href":"https:\/\/manychildrenone.world\/de\/wp-json\/wp\/v2\/media?parent=21095"}],"curies":[{"name":"wp","href":"https:\/\/api.w.org\/{rel}","templated":true}]}}